{"id":53,"date":"2016-10-08T06:58:55","date_gmt":"2016-10-08T06:58:55","guid":{"rendered":"https:\/\/demo2.chethemes.com\/pizzaro\/?post_type=product&#038;p=53"},"modified":"2017-09-18T03:41:23","modified_gmt":"2017-09-18T03:41:23","slug":"bun-rieu-cua-gia-lai-dac-biet","status":"publish","type":"product","link":"https:\/\/phocochin.com\/?product=bun-rieu-cua-gia-lai-dac-biet","title":{"rendered":"B\u00fan Ri\u00eau Cua Gia Lai \u0110\u1eb7c Bi\u1ec7t"},"content":{"rendered":"","protected":false},"excerpt":{"rendered":"<p>Ricotta, sun dried tomatoes, garlic, mozzarella cheese, topped with lightly drizzled red sauce, pesto, and fresh basil<\/p>\n","protected":false},"featured_media":858,"comment_status":"closed","ping_status":"closed","template":"","meta":[],"product_brand":[],"product_cat":[38],"product_tag":[],"class_list":{"0":"post-53","1":"product","2":"type-product","3":"status-publish","4":"has-post-thumbnail","6":"product_cat-bun","8":"first","9":"instock","10":"shipping-taxable","11":"purchasable","12":"product-type-simple"},"_links":{"self":[{"href":"https:\/\/phocochin.com\/index.php?rest_route=\/wp\/v2\/product\/53","targetHints":{"allow":["GET"]}}],"collection":[{"href":"https:\/\/phocochin.com\/index.php?rest_route=\/wp\/v2\/product"}],"about":[{"href":"https:\/\/phocochin.com\/index.php?rest_route=\/wp\/v2\/types\/product"}],"replies":[{"embeddable":true,"href":"https:\/\/phocochin.com\/index.php?rest_route=%2Fwp%2Fv2%2Fcomments&post=53"}],"wp:featuredmedia":[{"embeddable":true,"href":"https:\/\/phocochin.com\/index.php?rest_route=\/wp\/v2\/media\/858"}],"wp:attachment":[{"href":"https:\/\/phocochin.com\/index.php?rest_route=%2Fwp%2Fv2%2Fmedia&parent=53"}],"wp:term":[{"taxonomy":"product_brand","embeddable":true,"href":"https:\/\/phocochin.com\/index.php?rest_route=%2Fwp%2Fv2%2Fproduct_brand&post=53"},{"taxonomy":"product_cat","embeddable":true,"href":"https:\/\/phocochin.com\/index.php?rest_route=%2Fwp%2Fv2%2Fproduct_cat&post=53"},{"taxonomy":"product_tag","embeddable":true,"href":"https:\/\/phocochin.com\/index.php?rest_route=%2Fwp%2Fv2%2Fproduct_tag&post=53"}],"curies":[{"name":"wp","href":"https:\/\/api.w.org\/{rel}","templated":true}]}}