{"id":56,"date":"2016-10-08T07:07:44","date_gmt":"2016-10-08T07:07:44","guid":{"rendered":"https:\/\/demo2.chethemes.com\/pizzaro\/?post_type=product&#038;p=56"},"modified":"2020-04-23T12:39:35","modified_gmt":"2020-04-23T12:39:35","slug":"bun-rieu-gia-lai-dac-biet","status":"publish","type":"product","link":"https:\/\/phocochin.com\/?product=bun-rieu-gia-lai-dac-biet","title":{"rendered":"B\u00fan Ri\u00eau Gia Lai \u0110\u1eb7c Bi\u1ec7t"},"content":{"rendered":"","protected":false},"excerpt":{"rendered":"<p>B\u00fan ri\u00eau Gia Lai v\u1edbi v\u1ecb thanh m\u00e1t c\u1ee7a cua v\u00e0 b\u1ed5 d\u01b0\u1ee1ng c\u1ee7a gi\u00f2 heo, v\u1ecb chua nh\u1eb9 c\u1ee7a c\u00e0 chua, m\u1ed9t ch\u00fat m\u1ec1m m\u01b0\u1ee3t c\u1ee7a g\u1ea1ch cua<\/p>\n","protected":false},"featured_media":857,"comment_status":"closed","ping_status":"closed","template":"","meta":[],"product_brand":[],"product_cat":[38],"product_tag":[],"class_list":{"0":"post-56","1":"product","2":"type-product","3":"status-publish","4":"has-post-thumbnail","6":"product_cat-bun","8":"first","9":"instock","10":"shipping-taxable","11":"purchasable","12":"product-type-simple"},"_links":{"self":[{"href":"https:\/\/phocochin.com\/index.php?rest_route=\/wp\/v2\/product\/56","targetHints":{"allow":["GET"]}}],"collection":[{"href":"https:\/\/phocochin.com\/index.php?rest_route=\/wp\/v2\/product"}],"about":[{"href":"https:\/\/phocochin.com\/index.php?rest_route=\/wp\/v2\/types\/product"}],"replies":[{"embeddable":true,"href":"https:\/\/phocochin.com\/index.php?rest_route=%2Fwp%2Fv2%2Fcomments&post=56"}],"wp:featuredmedia":[{"embeddable":true,"href":"https:\/\/phocochin.com\/index.php?rest_route=\/wp\/v2\/media\/857"}],"wp:attachment":[{"href":"https:\/\/phocochin.com\/index.php?rest_route=%2Fwp%2Fv2%2Fmedia&parent=56"}],"wp:term":[{"taxonomy":"product_brand","embeddable":true,"href":"https:\/\/phocochin.com\/index.php?rest_route=%2Fwp%2Fv2%2Fproduct_brand&post=56"},{"taxonomy":"product_cat","embeddable":true,"href":"https:\/\/phocochin.com\/index.php?rest_route=%2Fwp%2Fv2%2Fproduct_cat&post=56"},{"taxonomy":"product_tag","embeddable":true,"href":"https:\/\/phocochin.com\/index.php?rest_route=%2Fwp%2Fv2%2Fproduct_tag&post=56"}],"curies":[{"name":"wp","href":"https:\/\/api.w.org\/{rel}","templated":true}]}}