{"id":58,"date":"2016-10-08T07:08:42","date_gmt":"2016-10-08T07:08:42","guid":{"rendered":"https:\/\/demo2.chethemes.com\/pizzaro\/?post_type=product&#038;p=58"},"modified":"2017-08-01T11:14:15","modified_gmt":"2017-08-01T11:14:15","slug":"pho-kho-bo-dac-biet","status":"publish","type":"product","link":"https:\/\/phocochin.com\/?product=pho-kho-bo-dac-biet","title":{"rendered":"2. Ph\u1edf Kh\u00f4 B\u00f2 \u0110\u1eb7c Bi\u1ec7t"},"content":{"rendered":"","protected":false},"excerpt":{"rendered":"<p>Ph\u1edf kh\u00f4 v\u1edbi thit b\u1eb1m tr\u00ean b\u1ec1 m\u1eb7t v\u00e0 t\u00f4 n\u01b0\u1edbc d\u00f9ng \u0111\u1eadm \u0111\u00e0 v\u00e0 ng\u1ecdt l\u1ea1 nh\u1edd nh\u1eefng l\u00e1t th\u1ecbt b\u00f2 non ho\u1eb7c th\u1ecbt b\u00ea \u0111\u01b0\u1ee3c ch\u1ecdn k\u1ef9, m\u1ec1m v\u00e0 r\u1ea5t t\u01b0\u01a1i ngon<\/p>\n","protected":false},"featured_media":859,"comment_status":"closed","ping_status":"closed","template":"","meta":[],"product_brand":[],"product_cat":[44],"product_tag":[],"class_list":{"0":"post-58","1":"product","2":"type-product","3":"status-publish","4":"has-post-thumbnail","6":"product_cat-pho","8":"first","9":"instock","10":"featured","11":"shipping-taxable","12":"purchasable","13":"product-type-simple"},"_links":{"self":[{"href":"https:\/\/phocochin.com\/index.php?rest_route=\/wp\/v2\/product\/58","targetHints":{"allow":["GET"]}}],"collection":[{"href":"https:\/\/phocochin.com\/index.php?rest_route=\/wp\/v2\/product"}],"about":[{"href":"https:\/\/phocochin.com\/index.php?rest_route=\/wp\/v2\/types\/product"}],"replies":[{"embeddable":true,"href":"https:\/\/phocochin.com\/index.php?rest_route=%2Fwp%2Fv2%2Fcomments&post=58"}],"wp:featuredmedia":[{"embeddable":true,"href":"https:\/\/phocochin.com\/index.php?rest_route=\/wp\/v2\/media\/859"}],"wp:attachment":[{"href":"https:\/\/phocochin.com\/index.php?rest_route=%2Fwp%2Fv2%2Fmedia&parent=58"}],"wp:term":[{"taxonomy":"product_brand","embeddable":true,"href":"https:\/\/phocochin.com\/index.php?rest_route=%2Fwp%2Fv2%2Fproduct_brand&post=58"},{"taxonomy":"product_cat","embeddable":true,"href":"https:\/\/phocochin.com\/index.php?rest_route=%2Fwp%2Fv2%2Fproduct_cat&post=58"},{"taxonomy":"product_tag","embeddable":true,"href":"https:\/\/phocochin.com\/index.php?rest_route=%2Fwp%2Fv2%2Fproduct_tag&post=58"}],"curies":[{"name":"wp","href":"https:\/\/api.w.org\/{rel}","templated":true}]}}