{"id":888,"date":"2017-08-01T05:30:22","date_gmt":"2017-08-01T05:30:22","guid":{"rendered":"http:\/\/phocochin.hoidoanhnhan.com\/?post_type=product&#038;p=888"},"modified":"2025-06-24T13:03:39","modified_gmt":"2025-06-24T13:03:39","slug":"chen-gio-them","status":"publish","type":"product","link":"https:\/\/phocochin.com\/?product=chen-gio-them","title":{"rendered":"Ch\u00e9n Gi\u00f2 th\u00eam"},"content":{"rendered":"","protected":false},"excerpt":{"rendered":"","protected":false},"featured_media":889,"comment_status":"open","ping_status":"closed","template":"","meta":[],"product_brand":[],"product_cat":[43,38],"product_tag":[],"class_list":{"0":"post-888","1":"product","2":"type-product","3":"status-publish","4":"has-post-thumbnail","6":"product_cat-banh-canh","7":"product_cat-bun","9":"first","10":"instock","11":"shipping-taxable","12":"purchasable","13":"product-type-simple"},"_links":{"self":[{"href":"https:\/\/phocochin.com\/index.php?rest_route=\/wp\/v2\/product\/888","targetHints":{"allow":["GET"]}}],"collection":[{"href":"https:\/\/phocochin.com\/index.php?rest_route=\/wp\/v2\/product"}],"about":[{"href":"https:\/\/phocochin.com\/index.php?rest_route=\/wp\/v2\/types\/product"}],"replies":[{"embeddable":true,"href":"https:\/\/phocochin.com\/index.php?rest_route=%2Fwp%2Fv2%2Fcomments&post=888"}],"wp:featuredmedia":[{"embeddable":true,"href":"https:\/\/phocochin.com\/index.php?rest_route=\/wp\/v2\/media\/889"}],"wp:attachment":[{"href":"https:\/\/phocochin.com\/index.php?rest_route=%2Fwp%2Fv2%2Fmedia&parent=888"}],"wp:term":[{"taxonomy":"product_brand","embeddable":true,"href":"https:\/\/phocochin.com\/index.php?rest_route=%2Fwp%2Fv2%2Fproduct_brand&post=888"},{"taxonomy":"product_cat","embeddable":true,"href":"https:\/\/phocochin.com\/index.php?rest_route=%2Fwp%2Fv2%2Fproduct_cat&post=888"},{"taxonomy":"product_tag","embeddable":true,"href":"https:\/\/phocochin.com\/index.php?rest_route=%2Fwp%2Fv2%2Fproduct_tag&post=888"}],"curies":[{"name":"wp","href":"https:\/\/api.w.org\/{rel}","templated":true}]}}